{"id":2592,"date":"2024-05-22T09:11:07","date_gmt":"2024-05-22T07:11:07","guid":{"rendered":"https:\/\/pocsmegyeribaptista.hu\/?page_id=2592"},"modified":"2024-06-30T21:17:48","modified_gmt":"2024-06-30T19:17:48","slug":"tortenetunk","status":"publish","type":"page","link":"https:\/\/pocsmegyeribaptista.hu\/?page_id=2592","title":{"rendered":"T\u00f6rt\u00e9net\u00fcnk"},"content":{"rendered":"<p>A P\u00f3csmegyeri Baptista gy\u00fclekezet\u00fcnkr\u0151l az els\u0151 \u00edrott eml\u00e9k 1891-b\u0151l a \u201ep\u00f3csmegyeri gy\u00fclekezet<br \/>\nadakoz\u00e1si k\u00f6nyv\u00e9ben\u201d a k\u00f6vetkez\u0151 bejegyz\u00e9s tal\u00e1lhat\u00f3: \u201e P\u00f3csmegyeri Gy\u00fclekezet adakozott 1891.<br \/>\n\u00e9vben \u00f6sszesen 40 forint\u201d<br \/>\n1892-ben m\u00e1r r\u00e9szletesen kezdt\u00fck vezetni a k\u00f6nyvet, ebb\u0151l m\u00e1r n\u00e9v szerint ismerhet\u0151 a 11<br \/>\ngy\u00fclekezeti tag.<br \/>\nEls\u0151 \u00e9vekben mag\u00e1nh\u00e1zakban tartottuk az istentiszteletet \u00e9s \u00f6sszej\u00f6veteleinket. Az 1900-as \u00e9vek<br \/>\nelej\u00e9n Kot\u00e1sz Etel a falu egyik tan\u00edt\u00f3ja a baptista gy\u00fclekezet\u00fcnknek adom\u00e1nyozta a h\u00e1z\u00e1t \u00e9s az egyik<br \/>\nszob\u00e1t imateremm\u00e9 alak\u00edtottuk \u00e1t. Ezt haszn\u00e1ltuk kisebb-nagyobb \u00e1talak\u00edt\u00e1sokkal 1911-ig.<br \/>\n1910 okt\u00f3ber 14.-\u00e9n B\u00e1n S\u00e1ndorn\u00e9t\u00f3l \u00e9s Koth\u00e1sz Mih\u00e1lyn\u00e9t\u00f3l ( ma Hunyadi u. 59.sz.) telken l\u00e9v\u0151<br \/>\nh\u00e1zat imah\u00e1z c\u00e9lj\u00e1ra v\u00e1s\u00e1roltuk meg. (Az \u00e1talak\u00edt\u00e1sokat 1911-ben v\u00e9gezt\u00fck el, \u00e9s haszn\u00e1ltuk az \u00faj<br \/>\nimah\u00e1z fel\u00e9p\u00fclt\u00e9ig.<br \/>\nAz \u00faj jelenlegi imah\u00e1zunkat 1994-ben kezdt\u00fck \u00e9p\u00edteni \u00e9s 2002 okt\u00f3ber 26.-\u00e1n avattuk fel.<\/p>\n","protected":false},"excerpt":{"rendered":"<p>A P\u00f3csmegyeri Baptista gy\u00fclekezet\u00fcnkr\u0151l az els\u0151 \u00edrott eml\u00e9k 1891-b\u0151l a \u201ep\u00f3csmegyeri gy\u00fclekezet adakoz\u00e1si k\u00f6nyv\u00e9ben\u201d a k\u00f6vetkez\u0151 bejegyz\u00e9s tal\u00e1lhat\u00f3: \u201e P\u00f3csmegyeri Gy\u00fclekezet adakozott 1891. \u00e9vben \u00f6sszesen 40 forint\u201d 1892-ben m\u00e1r r\u00e9szletesen kezdt\u00fck vezetni a k\u00f6nyvet, ebb\u0151l m\u00e1r n\u00e9v szerint ismerhet\u0151 a 11 gy\u00fclekezeti tag. Els\u0151 \u00e9vekben mag\u00e1nh\u00e1zakban tartottuk az istentiszteletet \u00e9s \u00f6sszej\u00f6veteleinket. Az 1900-as \u00e9vek elej\u00e9n [&hellip;]<\/p>\n","protected":false},"author":1,"featured_media":0,"parent":0,"menu_order":0,"comment_status":"closed","ping_status":"closed","template":"","meta":{"_et_pb_use_builder":"","_et_pb_old_content":"","_et_gb_content_width":"","footnotes":""},"class_list":["post-2592","page","type-page","status-publish","hentry"],"_links":{"self":[{"href":"https:\/\/pocsmegyeribaptista.hu\/index.php?rest_route=\/wp\/v2\/pages\/2592","targetHints":{"allow":["GET"]}}],"collection":[{"href":"https:\/\/pocsmegyeribaptista.hu\/index.php?rest_route=\/wp\/v2\/pages"}],"about":[{"href":"https:\/\/pocsmegyeribaptista.hu\/index.php?rest_route=\/wp\/v2\/types\/page"}],"author":[{"embeddable":true,"href":"https:\/\/pocsmegyeribaptista.hu\/index.php?rest_route=\/wp\/v2\/users\/1"}],"replies":[{"embeddable":true,"href":"https:\/\/pocsmegyeribaptista.hu\/index.php?rest_route=%2Fwp%2Fv2%2Fcomments&post=2592"}],"version-history":[{"count":3,"href":"https:\/\/pocsmegyeribaptista.hu\/index.php?rest_route=\/wp\/v2\/pages\/2592\/revisions"}],"predecessor-version":[{"id":2918,"href":"https:\/\/pocsmegyeribaptista.hu\/index.php?rest_route=\/wp\/v2\/pages\/2592\/revisions\/2918"}],"wp:attachment":[{"href":"https:\/\/pocsmegyeribaptista.hu\/index.php?rest_route=%2Fwp%2Fv2%2Fmedia&parent=2592"}],"curies":[{"name":"wp","href":"https:\/\/api.w.org\/{rel}","templated":true}]}}