{"id":2460,"date":"2024-05-18T21:43:42","date_gmt":"2024-05-18T19:43:42","guid":{"rendered":"https:\/\/pocsmegyeribaptista.hu\/?page_id=2460"},"modified":"2024-07-04T06:48:58","modified_gmt":"2024-07-04T04:48:58","slug":"kapcsolat","status":"publish","type":"page","link":"https:\/\/pocsmegyeribaptista.hu\/?page_id=2460","title":{"rendered":"Kapcsolat"},"content":{"rendered":"<p>Lelkip\u00e1sztor: Kov\u00e1cs B\u00e1lint<img loading=\"lazy\" decoding=\"async\" class=\"wp-image-80 alignleft\" src=\"https:\/\/pocsmegyeribaptista.hu\/wp-content\/uploads\/2024\/02\/327429701_508647844707465_2288867805902251664_n-e1715406546586.jpg\" alt=\"\" width=\"403\" height=\"538\" \/><\/p>\n<p><span class=\"x4k7w5x x1h91t0o x1h9r5lt x1jfb8zj xv2umb2 x1beo9mf xaigb6o x12ejxvf x3igimt xarpa2k xedcshv x1lytzrv x1t2pt76 x7ja8zs x1qrby5j\"><span class=\"x193iq5w xeuugli x13faqbe x1vvkbs x1xmvt09 x1lliihq x1s928wv xhkezso x1gmr53x x1cpjm7i x1fgarty x1943h6x xudqn12 x3x7a5m x6prxxf xvq8zen xo1l8bm xzsf02u\" dir=\"auto\">E-mail: pocsmegyeribaptista@gmail.com<\/span><\/span><\/p>\n<p><span class=\"x4k7w5x x1h91t0o x1h9r5lt x1jfb8zj xv2umb2 x1beo9mf xaigb6o x12ejxvf x3igimt xarpa2k xedcshv x1lytzrv x1t2pt76 x7ja8zs x1qrby5j\"><span class=\"x193iq5w xeuugli x13faqbe x1vvkbs x1xmvt09 x1lliihq x1s928wv xhkezso x1gmr53x x1cpjm7i x1fgarty x1943h6x xudqn12 x3x7a5m x6prxxf xvq8zen xo1l8bm xzsf02u\" dir=\"auto\">C\u00edm: 2017 P\u00f3csmegyer, Ady Endre \u00fat 5..<\/span><\/span><\/p>\n<p>Banksz\u00e1mlasz\u00e1m: <span class=\"x4k7w5x x1h91t0o x1h9r5lt x1jfb8zj xv2umb2 x1beo9mf xaigb6o x12ejxvf x3igimt xarpa2k xedcshv x1lytzrv x1t2pt76 x7ja8zs x1qrby5j\"><span class=\"x193iq5w xeuugli x13faqbe x1vvkbs x1xmvt09 x1lliihq x1s928wv xhkezso x1gmr53x x1cpjm7i x1fgarty x1943h6x xudqn12 x3x7a5m x6prxxf xvq8zen xo1l8bm xzsf02u\" dir=\"auto\">11784009-21170517<\/span><\/span><\/p>\n<p>K\u00f6sz\u00f6nj\u00fck nagylelk\u0171 adom\u00e1nyaikat<\/p>\n","protected":false},"excerpt":{"rendered":"<p>Lelkip\u00e1sztor: Kov\u00e1cs B\u00e1lint E-mail: pocsmegyeribaptista@gmail.com C\u00edm: 2017 P\u00f3csmegyer, Ady Endre \u00fat 5.. Banksz\u00e1mlasz\u00e1m: 11784009-21170517 K\u00f6sz\u00f6nj\u00fck nagylelk\u0171 adom\u00e1nyaikat<\/p>\n","protected":false},"author":1,"featured_media":80,"parent":0,"menu_order":0,"comment_status":"closed","ping_status":"closed","template":"","meta":{"_et_pb_use_builder":"off","_et_pb_old_content":"","_et_gb_content_width":"","footnotes":""},"class_list":["post-2460","page","type-page","status-publish","has-post-thumbnail","hentry"],"_links":{"self":[{"href":"https:\/\/pocsmegyeribaptista.hu\/index.php?rest_route=\/wp\/v2\/pages\/2460","targetHints":{"allow":["GET"]}}],"collection":[{"href":"https:\/\/pocsmegyeribaptista.hu\/index.php?rest_route=\/wp\/v2\/pages"}],"about":[{"href":"https:\/\/pocsmegyeribaptista.hu\/index.php?rest_route=\/wp\/v2\/types\/page"}],"author":[{"embeddable":true,"href":"https:\/\/pocsmegyeribaptista.hu\/index.php?rest_route=\/wp\/v2\/users\/1"}],"replies":[{"embeddable":true,"href":"https:\/\/pocsmegyeribaptista.hu\/index.php?rest_route=%2Fwp%2Fv2%2Fcomments&post=2460"}],"version-history":[{"count":15,"href":"https:\/\/pocsmegyeribaptista.hu\/index.php?rest_route=\/wp\/v2\/pages\/2460\/revisions"}],"predecessor-version":[{"id":2929,"href":"https:\/\/pocsmegyeribaptista.hu\/index.php?rest_route=\/wp\/v2\/pages\/2460\/revisions\/2929"}],"wp:featuredmedia":[{"embeddable":true,"href":"https:\/\/pocsmegyeribaptista.hu\/index.php?rest_route=\/wp\/v2\/media\/80"}],"wp:attachment":[{"href":"https:\/\/pocsmegyeribaptista.hu\/index.php?rest_route=%2Fwp%2Fv2%2Fmedia&parent=2460"}],"curies":[{"name":"wp","href":"https:\/\/api.w.org\/{rel}","templated":true}]}}